{"id":12,"date":"2012-04-11T22:33:44","date_gmt":"2012-04-11T20:33:44","guid":{"rendered":"https:\/\/new.steffen-foerster.de\/?page_id=12"},"modified":"2014-12-15T10:54:19","modified_gmt":"2014-12-15T09:54:19","slug":"home","status":"publish","type":"page","link":"https:\/\/steffen-foerster.de\/","title":{"rendered":"Home"},"content":{"rendered":"<p>Hallo Besucher,<\/p>\n<p>hier findest du meine kleine Homepage. Es soll eine Sammlung von Beitr\u00e4gen meinerseits werden, was ich so der Welt mitteilen will. Der Fokus liegt dabei nat\u00fcrlich bei den aktuellen Themen, die mich so besch\u00e4ftigen und nat\u00fcrlich bei den Hobbies denen ich mich widme.<\/p>\n","protected":false},"excerpt":{"rendered":"<p>Hallo Besucher, hier findest du meine kleine Homepage. Es soll eine Sammlung von Beitr\u00e4gen meinerseits werden, was ich so der Welt mitteilen will. Der Fokus liegt dabei nat\u00fcrlich bei den aktuellen Themen, die mich so besch\u00e4ftigen und nat\u00fcrlich bei den &hellip; <a href=\"https:\/\/steffen-foerster.de\/\">Weiterlesen <span class=\"meta-nav\">&rarr;<\/span><\/a><\/p>\n","protected":false},"author":1,"featured_media":0,"parent":0,"menu_order":0,"comment_status":"open","ping_status":"open","template":"","meta":{"footnotes":""},"class_list":["post-12","page","type-page","status-publish","hentry"],"jetpack_sharing_enabled":true,"jetpack_shortlink":"https:\/\/wp.me\/P50BKF-c","jetpack-related-posts":[],"_links":{"self":[{"href":"https:\/\/steffen-foerster.de\/index.php?rest_route=\/wp\/v2\/pages\/12","targetHints":{"allow":["GET"]}}],"collection":[{"href":"https:\/\/steffen-foerster.de\/index.php?rest_route=\/wp\/v2\/pages"}],"about":[{"href":"https:\/\/steffen-foerster.de\/index.php?rest_route=\/wp\/v2\/types\/page"}],"author":[{"embeddable":true,"href":"https:\/\/steffen-foerster.de\/index.php?rest_route=\/wp\/v2\/users\/1"}],"replies":[{"embeddable":true,"href":"https:\/\/steffen-foerster.de\/index.php?rest_route=%2Fwp%2Fv2%2Fcomments&post=12"}],"version-history":[{"count":5,"href":"https:\/\/steffen-foerster.de\/index.php?rest_route=\/wp\/v2\/pages\/12\/revisions"}],"predecessor-version":[{"id":229,"href":"https:\/\/steffen-foerster.de\/index.php?rest_route=\/wp\/v2\/pages\/12\/revisions\/229"}],"wp:attachment":[{"href":"https:\/\/steffen-foerster.de\/index.php?rest_route=%2Fwp%2Fv2%2Fmedia&parent=12"}],"curies":[{"name":"wp","href":"https:\/\/api.w.org\/{rel}","templated":true}]}}